{"id":235,"date":"2025-01-14T02:07:35","date_gmt":"2025-01-14T02:07:35","guid":{"rendered":"https:\/\/vietnamstemcellnetwork.com\/en\/?page_id=235"},"modified":"2025-01-14T02:46:51","modified_gmt":"2025-01-14T02:46:51","slug":"stem-cell-banks","status":"publish","type":"page","link":"https:\/\/vietnamstemcellnetwork.com\/en\/news\/stem-cell-banks\/","title":{"rendered":"Stem Cell Banks"},"content":{"rendered":"\n<div class=\"wp-block-group alignwide has-global-padding is-layout-constrained wp-block-group-is-layout-constrained\">\n<div class=\"wp-block-group has-background has-global-padding is-layout-constrained wp-container-core-group-is-layout-a35945ca wp-block-group-is-layout-constrained\" style=\"border-radius:1rem;background-color:#f25e3026;padding-top:var(--wp--preset--spacing--30);padding-right:var(--wp--preset--spacing--30);padding-bottom:var(--wp--preset--spacing--30);padding-left:var(--wp--preset--spacing--30)\">\n<p><strong>Th\u00f4ng tin T\u1ebf b\u00e0o g\u1ed1c<\/strong> ch\u1ec9 \u0111\u01b0a th\u00f4ng tin c\u00e1c Ng\u00e2n h\u00e0ng T\u1ebf b\u00e0o g\u1ed1c \u0111\u00e3 \u0111\u01b0\u1ee3c B\u1ed9 y t\u1ebf c\u1ea5p ph\u00e9p ho\u1ea1t \u0111\u1ed9ng. N\u1ebfu Ng\u00e2n h\u00e0ng c\u1ee7a b\u1ea1n \u0111\u00e3 \u0111\u01b0\u1ee3c c\u1ea5p ph\u00e9p v\u00e0 mong mu\u1ed1n \u0111\u01b0\u1ee3c gi\u1edbi thi\u1ec7u trong chuy\u00ean m\u1ee5c n\u00e0y, xin vui l\u00f2ng li\u00ean h\u1ec7 Ban bi\u00ean t\u1eadp t\u1ea1i: thongtintebaogoc@sci.edu.vn<\/p>\n<\/div>\n\n\n\n<div class=\"wp-block-group alignwide has-global-padding is-layout-constrained wp-block-group-is-layout-constrained\" style=\"margin-top:var(--wp--preset--spacing--50);margin-bottom:var(--wp--preset--spacing--50)\">\n<div class=\"wp-block-query alignwide is-layout-flow wp-block-query-is-layout-flow\">\n\n<\/div>\n<\/div>\n<\/div>\n","protected":false},"excerpt":{"rendered":"<p>Th\u00f4ng tin T\u1ebf b\u00e0o g\u1ed1c ch\u1ec9 \u0111\u01b0a th\u00f4ng tin c\u00e1c Ng\u00e2n h\u00e0ng T\u1ebf b\u00e0o g\u1ed1c \u0111\u00e3 \u0111\u01b0\u1ee3c B\u1ed9 y t\u1ebf c\u1ea5p ph\u00e9p ho\u1ea1t \u0111\u1ed9ng. N\u1ebfu Ng\u00e2n h\u00e0ng c\u1ee7a b\u1ea1n \u0111\u00e3 \u0111\u01b0\u1ee3c c\u1ea5p ph\u00e9p v\u00e0 mong mu\u1ed1n \u0111\u01b0\u1ee3c gi\u1edbi thi\u1ec7u trong chuy\u00ean m\u1ee5c n\u00e0y, xin vui l\u00f2ng li\u00ean h\u1ec7 Ban bi\u00ean t\u1eadp t\u1ea1i: thongtintebaogoc@sci.edu.vn<\/p>\n","protected":false},"author":1,"featured_media":0,"parent":31,"menu_order":0,"comment_status":"closed","ping_status":"closed","template":"news-template-with-title","meta":{"footnotes":""},"class_list":["post-235","page","type-page","status-publish","hentry"],"_links":{"self":[{"href":"https:\/\/vietnamstemcellnetwork.com\/en\/wp-json\/wp\/v2\/pages\/235","targetHints":{"allow":["GET"]}}],"collection":[{"href":"https:\/\/vietnamstemcellnetwork.com\/en\/wp-json\/wp\/v2\/pages"}],"about":[{"href":"https:\/\/vietnamstemcellnetwork.com\/en\/wp-json\/wp\/v2\/types\/page"}],"author":[{"embeddable":true,"href":"https:\/\/vietnamstemcellnetwork.com\/en\/wp-json\/wp\/v2\/users\/1"}],"replies":[{"embeddable":true,"href":"https:\/\/vietnamstemcellnetwork.com\/en\/wp-json\/wp\/v2\/comments?post=235"}],"version-history":[{"count":2,"href":"https:\/\/vietnamstemcellnetwork.com\/en\/wp-json\/wp\/v2\/pages\/235\/revisions"}],"predecessor-version":[{"id":258,"href":"https:\/\/vietnamstemcellnetwork.com\/en\/wp-json\/wp\/v2\/pages\/235\/revisions\/258"}],"up":[{"embeddable":true,"href":"https:\/\/vietnamstemcellnetwork.com\/en\/wp-json\/wp\/v2\/pages\/31"}],"wp:attachment":[{"href":"https:\/\/vietnamstemcellnetwork.com\/en\/wp-json\/wp\/v2\/media?parent=235"}],"curies":[{"name":"wp","href":"https:\/\/api.w.org\/{rel}","templated":true}]}}